{"id":7202,"date":"2024-09-25T02:16:37","date_gmt":"2024-09-25T00:16:37","guid":{"rendered":"https:\/\/www.trackad.ai\/conformite-rgpd\/"},"modified":"2024-12-16T16:17:33","modified_gmt":"2024-12-16T15:17:33","slug":"gdpr-compliance","status":"publish","type":"page","link":"https:\/\/www.trackad.ai\/en\/gdpr-compliance\/","title":{"rendered":"GDPR Compliance"},"content":{"rendered":"\t\t<div data-elementor-type=\"wp-page\" data-elementor-id=\"7202\" class=\"elementor elementor-7202 elementor-6351\" data-elementor-post-type=\"page\">\n\t\t\t\t<div class=\"elementor-element elementor-element-2f279cf bg_degrad_s5 forme_lb e-flex e-con-boxed e-con e-parent\" data-id=\"2f279cf\" data-element_type=\"container\">\n\t\t\t\t\t<div class=\"e-con-inner\">\n\t\t<div class=\"elementor-element elementor-element-b54e8ba e-con-full e-flex e-con e-child\" data-id=\"b54e8ba\" data-element_type=\"container\">\n\t\t\t\t<div class=\"elementor-element elementor-element-8e6dba2 titre_1l_1 elementor-widget elementor-widget-heading\" data-id=\"8e6dba2\" data-element_type=\"widget\" data-widget_type=\"heading.default\">\n\t\t\t\t<div class=\"elementor-widget-container\">\n\t\t\t\t\t<h1 class=\"elementor-heading-title elementor-size-default\">GDPR Compliance<\/h1>\t\t\t\t<\/div>\n\t\t\t\t<\/div>\n\t\t\t\t<div class=\"elementor-element elementor-element-56eb28a elementor-widget elementor-widget-text-editor\" data-id=\"56eb28a\" data-element_type=\"widget\" data-widget_type=\"text-editor.default\">\n\t\t\t\t<div class=\"elementor-widget-container\">\n\t\t\t\t\t\t\t\t\t<p>The General Data Protection Regulation (\u201cGDPR\u201d) requires us, as well as our clients, to ensure an appropriate level of protection for all personal data that we collect and\/or process.<\/p><p>On this page, discover how we ensure this level of protection and how TrackAd has organized and manages its GDPR compliance on a daily basis.<\/p>\t\t\t\t\t\t\t\t<\/div>\n\t\t\t\t<\/div>\n\t\t\t\t<div class=\"elementor-element elementor-element-2975882 titre_4 elementor-widget elementor-widget-heading\" data-id=\"2975882\" data-element_type=\"widget\" data-widget_type=\"heading.default\">\n\t\t\t\t<div class=\"elementor-widget-container\">\n\t\t\t\t\t<h2 class=\"elementor-heading-title elementor-size-default\">In what cases does TrackAd process personal data? <\/h2>\t\t\t\t<\/div>\n\t\t\t\t<\/div>\n\t\t\t\t<div class=\"elementor-element elementor-element-8631764 elementor-widget elementor-widget-text-editor\" data-id=\"8631764\" data-element_type=\"widget\" data-widget_type=\"text-editor.default\">\n\t\t\t\t<div class=\"elementor-widget-container\">\n\t\t\t\t\t\t\t\t\tOur services rely on the collection, centralization, analysis, and comparison of data provided by our clients or collected on their behalf. \nSome of this data (typically: order or lead identifiers, cookie identifiers) constitutes personal data within the meaning of Article 4.1 of the GDPR. \nHowever, this data is only indirectly identifying, meaning that TrackAd cannot personally re-identify the individuals to whom it relates. \nAdditionally, like any commercial company, TrackAd collects, stores, and uses data related to its prospects, clients, and their employees or representatives for business purposes. This data may include personal data.\n\t\t\t\t\t\t\t\t<\/div>\n\t\t\t\t<\/div>\n\t\t\t\t<div class=\"elementor-element elementor-element-71040db titre_4 elementor-widget elementor-widget-heading\" data-id=\"71040db\" data-element_type=\"widget\" data-widget_type=\"heading.default\">\n\t\t\t\t<div class=\"elementor-widget-container\">\n\t\t\t\t\t<h2 class=\"elementor-heading-title elementor-size-default\">Is TrackAd a data processor or a data controller?<\/h2>\t\t\t\t<\/div>\n\t\t\t\t<\/div>\n\t\t\t\t<div class=\"elementor-element elementor-element-da21ec5 liste_puce_4 elementor-widget elementor-widget-text-editor\" data-id=\"da21ec5\" data-element_type=\"widget\" data-widget_type=\"text-editor.default\">\n\t\t\t\t<div class=\"elementor-widget-container\">\n\t\t\t\t\t\t\t\t\tWhen we collect, store, and\/or use personal data for the technical purposes of providing our services, TrackAd acts as a data processor on behalf of the relevant client, i.e., based on and according to that client\u2019s instructions. The details of the processing we carry out as a data processor for our clients, as well as the respective obligations and responsibilities of TrackAd and the client, are included in our GDPR data processing contract, which will be provided to you for signature if you choose to subscribe to our services. Other data processing activities that we carry out (such as those for client management or business development purposes) are performed by TrackAd as a data controller, meaning we do so autonomously and independently from our clients, and under the sole responsibility of TrackAd.\n\t\t\t\t\t\t\t\t<\/div>\n\t\t\t\t<\/div>\n\t\t\t\t<div class=\"elementor-element elementor-element-2d6d910 titre_4 elementor-widget elementor-widget-heading\" data-id=\"2d6d910\" data-element_type=\"widget\" data-widget_type=\"heading.default\">\n\t\t\t\t<div class=\"elementor-widget-container\">\n\t\t\t\t\t<h2 class=\"elementor-heading-title elementor-size-default\">Where can I find the details of TrackAd's commitments in each of these roles? <\/h2>\t\t\t\t<\/div>\n\t\t\t\t<\/div>\n\t\t\t\t<div class=\"elementor-element elementor-element-506c034 elementor-widget elementor-widget-text-editor\" data-id=\"506c034\" data-element_type=\"widget\" data-widget_type=\"text-editor.default\">\n\t\t\t\t<div class=\"elementor-widget-container\">\n\t\t\t\t\t\t\t\t\tThe commitments we make as a GDPR data processor for our clients are detailed in our GDPR data processing contract, which serves as a written commitment to our clients as required by Article 28 of the GDPR. This contract is offered only to TrackAd&#8217;s active clients and lasts as long as our service agreements. For processing done by TrackAd as an independent data controller, the protective measures in place are described, declaratively and indicatively, in our Privacy Policy, published on this site: trackad.ai\/privacy-policy\/.\n\t\t\t\t\t\t\t\t<\/div>\n\t\t\t\t<\/div>\n\t\t\t\t<div class=\"elementor-element elementor-element-04ddc16 titre_4 elementor-widget elementor-widget-heading\" data-id=\"04ddc16\" data-element_type=\"widget\" data-widget_type=\"heading.default\">\n\t\t\t\t<div class=\"elementor-widget-container\">\n\t\t\t\t\t<h2 class=\"elementor-heading-title elementor-size-default\">Does TrackAd have a Data Protection Officer (DPO)?<\/h2>\t\t\t\t<\/div>\n\t\t\t\t<\/div>\n\t\t\t\t<div class=\"elementor-element elementor-element-b655541 liste_puce_4 elementor-widget elementor-widget-text-editor\" data-id=\"b655541\" data-element_type=\"widget\" data-widget_type=\"text-editor.default\">\n\t\t\t\t<div class=\"elementor-widget-container\">\n\t\t\t\t\t\t\t\t\tYes. This DPO has been officially designated with the CNIL. They can be contacted by email at gdpr@trackad.ai.\n\t\t\t\t\t\t\t\t<\/div>\n\t\t\t\t<\/div>\n\t\t\t\t<div class=\"elementor-element elementor-element-f0ddf5d titre_4 elementor-widget elementor-widget-heading\" data-id=\"f0ddf5d\" data-element_type=\"widget\" data-widget_type=\"heading.default\">\n\t\t\t\t<div class=\"elementor-widget-container\">\n\t\t\t\t\t<h2 class=\"elementor-heading-title elementor-size-default\">Why should I trust TrackAd's declarations?<\/h2>\t\t\t\t<\/div>\n\t\t\t\t<\/div>\n\t\t\t\t<div class=\"elementor-element elementor-element-2b36bbb elementor-widget elementor-widget-text-editor\" data-id=\"2b36bbb\" data-element_type=\"widget\" data-widget_type=\"text-editor.default\">\n\t\t\t\t<div class=\"elementor-widget-container\">\n\t\t\t\t\t\t\t\t\tTrackAd\u2019s GDPR compliance, and more generally its adherence to laws and regulations concerning privacy and data protection, has been the result of significant investment by TrackAd over the years. This compliance was led by the company\u2019s DPO, who is part of a professional firm specializing in these matters, relying on the latest guidelines and recommendations from the French supervisory authority (CNIL) and its European counterparts. The technical aspects of data security are handled by our internal teams and our hosting provider, based in the European Union and holding several globally recognized security certifications. Don\u2019t hesitate to reach out to us for more information!\n\t\t\t\t\t\t\t\t<\/div>\n\t\t\t\t<\/div>\n\t\t\t\t<\/div>\n\t\t\t\t\t<\/div>\n\t\t\t\t<\/div>\n\t\t\t\t<\/div>\n\t\t","protected":false},"excerpt":{"rendered":"<p>GDPR Compliance The General Data Protection Regulation (\u201cGDPR\u201d) requires us, as well as our clients, to ensure an appropriate level of protection for all personal data that we collect and\/or process. On this page, discover how we ensure this level of protection and how TrackAd has organized and manages its GDPR compliance on a daily [&hellip;]<\/p>\n","protected":false},"author":3,"featured_media":0,"parent":0,"menu_order":0,"comment_status":"closed","ping_status":"closed","template":"","meta":{"_acf_changed":false,"inline_featured_image":false,"footnotes":""},"categories":[],"tags":[],"class_list":["post-7202","page","type-page","status-publish","hentry"],"acf":[],"yoast_head":"<!-- This site is optimized with the Yoast SEO plugin v26.7 - https:\/\/yoast.com\/wordpress\/plugins\/seo\/ -->\n<title>GDPR Compliance - TrackAd<\/title>\n<meta name=\"description\" content=\"D\u00e9couvrez les engagements de TrackAd concernant sa mise en conformit\u00e9 au r\u00e8glement RGPD.\" \/>\n<meta name=\"robots\" content=\"index, follow, max-snippet:-1, max-image-preview:large, max-video-preview:-1\" \/>\n<link rel=\"canonical\" href=\"https:\/\/www.trackad.ai\/en\/gdpr-compliance\/\" \/>\n<meta property=\"og:locale\" content=\"en_US\" \/>\n<meta property=\"og:type\" content=\"article\" \/>\n<meta property=\"og:title\" content=\"GDPR Compliance - TrackAd\" \/>\n<meta property=\"og:description\" content=\"D\u00e9couvrez les engagements de TrackAd concernant sa mise en conformit\u00e9 au r\u00e8glement RGPD.\" \/>\n<meta property=\"og:url\" content=\"https:\/\/www.trackad.ai\/en\/gdpr-compliance\/\" \/>\n<meta property=\"og:site_name\" content=\"TrackAd\" \/>\n<meta property=\"article:modified_time\" content=\"2024-12-16T15:17:33+00:00\" \/>\n<meta name=\"twitter:card\" content=\"summary_large_image\" \/>\n<meta name=\"twitter:label1\" content=\"Est. reading time\" \/>\n\t<meta name=\"twitter:data1\" content=\"3 minutes\" \/>\n<script type=\"application\/ld+json\" class=\"yoast-schema-graph\">{\"@context\":\"https:\/\/schema.org\",\"@graph\":[{\"@type\":\"WebPage\",\"@id\":\"https:\/\/www.trackad.ai\/en\/gdpr-compliance\/\",\"url\":\"https:\/\/www.trackad.ai\/en\/gdpr-compliance\/\",\"name\":\"GDPR Compliance - TrackAd\",\"isPartOf\":{\"@id\":\"https:\/\/www.trackad.ai\/en\/#website\"},\"datePublished\":\"2024-09-25T00:16:37+00:00\",\"dateModified\":\"2024-12-16T15:17:33+00:00\",\"description\":\"D\u00e9couvrez les engagements de TrackAd concernant sa mise en conformit\u00e9 au r\u00e8glement RGPD.\",\"inLanguage\":\"en-US\",\"potentialAction\":[{\"@type\":\"ReadAction\",\"target\":[\"https:\/\/www.trackad.ai\/en\/gdpr-compliance\/\"]}]},{\"@type\":\"WebSite\",\"@id\":\"https:\/\/www.trackad.ai\/en\/#website\",\"url\":\"https:\/\/www.trackad.ai\/en\/\",\"name\":\"TrackAd\",\"description\":\"Un site utilisant WordPress\",\"publisher\":{\"@id\":\"https:\/\/www.trackad.ai\/en\/#organization\"},\"potentialAction\":[{\"@type\":\"SearchAction\",\"target\":{\"@type\":\"EntryPoint\",\"urlTemplate\":\"https:\/\/www.trackad.ai\/en\/?s={search_term_string}\"},\"query-input\":{\"@type\":\"PropertyValueSpecification\",\"valueRequired\":true,\"valueName\":\"search_term_string\"}}],\"inLanguage\":\"en-US\"},{\"@type\":\"Organization\",\"@id\":\"https:\/\/www.trackad.ai\/en\/#organization\",\"name\":\"TrackAd\",\"url\":\"https:\/\/www.trackad.ai\/en\/\",\"logo\":{\"@type\":\"ImageObject\",\"inLanguage\":\"en-US\",\"@id\":\"https:\/\/www.trackad.ai\/en\/#\/schema\/logo\/image\/\",\"url\":\"https:\/\/www.trackad.ai\/wp-content\/uploads\/2024\/03\/trackad-logo.svg\",\"contentUrl\":\"https:\/\/www.trackad.ai\/wp-content\/uploads\/2024\/03\/trackad-logo.svg\",\"caption\":\"TrackAd\"},\"image\":{\"@id\":\"https:\/\/www.trackad.ai\/en\/#\/schema\/logo\/image\/\"}}]}<\/script>\n<!-- \/ Yoast SEO plugin. -->","yoast_head_json":{"title":"GDPR Compliance - TrackAd","description":"D\u00e9couvrez les engagements de TrackAd concernant sa mise en conformit\u00e9 au r\u00e8glement RGPD.","robots":{"index":"index","follow":"follow","max-snippet":"max-snippet:-1","max-image-preview":"max-image-preview:large","max-video-preview":"max-video-preview:-1"},"canonical":"https:\/\/www.trackad.ai\/en\/gdpr-compliance\/","og_locale":"en_US","og_type":"article","og_title":"GDPR Compliance - TrackAd","og_description":"D\u00e9couvrez les engagements de TrackAd concernant sa mise en conformit\u00e9 au r\u00e8glement RGPD.","og_url":"https:\/\/www.trackad.ai\/en\/gdpr-compliance\/","og_site_name":"TrackAd","article_modified_time":"2024-12-16T15:17:33+00:00","twitter_card":"summary_large_image","twitter_misc":{"Est. reading time":"3 minutes"},"schema":{"@context":"https:\/\/schema.org","@graph":[{"@type":"WebPage","@id":"https:\/\/www.trackad.ai\/en\/gdpr-compliance\/","url":"https:\/\/www.trackad.ai\/en\/gdpr-compliance\/","name":"GDPR Compliance - TrackAd","isPartOf":{"@id":"https:\/\/www.trackad.ai\/en\/#website"},"datePublished":"2024-09-25T00:16:37+00:00","dateModified":"2024-12-16T15:17:33+00:00","description":"D\u00e9couvrez les engagements de TrackAd concernant sa mise en conformit\u00e9 au r\u00e8glement RGPD.","inLanguage":"en-US","potentialAction":[{"@type":"ReadAction","target":["https:\/\/www.trackad.ai\/en\/gdpr-compliance\/"]}]},{"@type":"WebSite","@id":"https:\/\/www.trackad.ai\/en\/#website","url":"https:\/\/www.trackad.ai\/en\/","name":"TrackAd","description":"Un site utilisant WordPress","publisher":{"@id":"https:\/\/www.trackad.ai\/en\/#organization"},"potentialAction":[{"@type":"SearchAction","target":{"@type":"EntryPoint","urlTemplate":"https:\/\/www.trackad.ai\/en\/?s={search_term_string}"},"query-input":{"@type":"PropertyValueSpecification","valueRequired":true,"valueName":"search_term_string"}}],"inLanguage":"en-US"},{"@type":"Organization","@id":"https:\/\/www.trackad.ai\/en\/#organization","name":"TrackAd","url":"https:\/\/www.trackad.ai\/en\/","logo":{"@type":"ImageObject","inLanguage":"en-US","@id":"https:\/\/www.trackad.ai\/en\/#\/schema\/logo\/image\/","url":"https:\/\/www.trackad.ai\/wp-content\/uploads\/2024\/03\/trackad-logo.svg","contentUrl":"https:\/\/www.trackad.ai\/wp-content\/uploads\/2024\/03\/trackad-logo.svg","caption":"TrackAd"},"image":{"@id":"https:\/\/www.trackad.ai\/en\/#\/schema\/logo\/image\/"}}]}},"_links":{"self":[{"href":"https:\/\/www.trackad.ai\/en\/wp-json\/wp\/v2\/pages\/7202","targetHints":{"allow":["GET"]}}],"collection":[{"href":"https:\/\/www.trackad.ai\/en\/wp-json\/wp\/v2\/pages"}],"about":[{"href":"https:\/\/www.trackad.ai\/en\/wp-json\/wp\/v2\/types\/page"}],"author":[{"embeddable":true,"href":"https:\/\/www.trackad.ai\/en\/wp-json\/wp\/v2\/users\/3"}],"replies":[{"embeddable":true,"href":"https:\/\/www.trackad.ai\/en\/wp-json\/wp\/v2\/comments?post=7202"}],"version-history":[{"count":4,"href":"https:\/\/www.trackad.ai\/en\/wp-json\/wp\/v2\/pages\/7202\/revisions"}],"predecessor-version":[{"id":7523,"href":"https:\/\/www.trackad.ai\/en\/wp-json\/wp\/v2\/pages\/7202\/revisions\/7523"}],"wp:attachment":[{"href":"https:\/\/www.trackad.ai\/en\/wp-json\/wp\/v2\/media?parent=7202"}],"wp:term":[{"taxonomy":"category","embeddable":true,"href":"https:\/\/www.trackad.ai\/en\/wp-json\/wp\/v2\/categories?post=7202"},{"taxonomy":"post_tag","embeddable":true,"href":"https:\/\/www.trackad.ai\/en\/wp-json\/wp\/v2\/tags?post=7202"}],"curies":[{"name":"wp","href":"https:\/\/api.w.org\/{rel}","templated":true}]}}